{"id":2208,"date":"2020-05-28T19:15:49","date_gmt":"2020-05-28T19:15:49","guid":{"rendered":"https:\/\/taste-it.ch\/?page_id=2208"},"modified":"2020-07-25T13:26:30","modified_gmt":"2020-07-25T11:26:30","slug":"entgraten-gleitschleifen","status":"publish","type":"page","link":"https:\/\/lasertechnik.li\/?page_id=2208","title":{"rendered":"Entgraten \/ Gleitschleifen"},"content":{"rendered":"<div class=\"wpb-content-wrapper\"><p>[vc_row type=&#8220;vc_default&#8220; css=&#8220;.vc_custom_1474268037787{margin-bottom: -30px !important;padding-bottom: 30px !important;}&#8220;][vc_column width=&#8220;1\/2&#8243; offset=&#8220;vc_col-lg-12 vc_col-md-12 vc_col-xs-12&#8243;]<style type=\"text\/css\" data-type=\"the7_shortcodes-inline-css\">.shortcode-single-image-wrap.shortcode-single-image-b0141ff9cdbd1e39c0ff346116fdc552.enable-bg-rollover .rollover i,\n.shortcode-single-image-wrap.shortcode-single-image-b0141ff9cdbd1e39c0ff346116fdc552.enable-bg-rollover .rollover-video i {\n  background: -webkit-linear-gradient();\n  background: linear-gradient();\n}\n.shortcode-single-image-wrap.shortcode-single-image-b0141ff9cdbd1e39c0ff346116fdc552 .rollover-icon {\n  font-size: 32px;\n  color: #ffffff;\n  min-width: 44px;\n  min-height: 44px;\n  line-height: 44px;\n  border-radius: 100px;\n  border-style: solid;\n  border-width: 0px;\n}\n.dt-icon-bg-on.shortcode-single-image-wrap.shortcode-single-image-b0141ff9cdbd1e39c0ff346116fdc552 .rollover-icon {\n  background: rgba(255,255,255,0.3);\n  box-shadow: none;\n}\n<\/style><div id=\"ultimate-heading-293669e73291c17f8\" class=\"uvc-heading ult-adjust-bottom-margin ultimate-heading-293669e73291c17f8 uvc-7495 accent-border-color\" data-hspacer=\"line_only\"  data-halign=\"left\" style=\"text-align:left\"><div class=\"uvc-main-heading ult-responsive\"  data-ultimate-target='.uvc-heading.ultimate-heading-293669e73291c17f8 h2'  data-responsive-json-new='{\"font-size\":\"desktop:26px;\",\"line-height\":\"desktop:36px;\"}' ><h2 style=\"font-weight:bold;\">Entgraten<\/h2><\/div><div class=\"uvc-heading-spacer line_only\" style=\"margin-top:15px;margin-bottom:30px;height:4px;\"><span class=\"uvc-headings-line\" style=\"border-style:solid;border-bottom-width:4px;border-color:;width:50px;\"><\/span><\/div><\/div>[vc_column_text css=&#8220;.vc_custom_1590914864675{padding-bottom: 30px !important;}&#8220;]Auch f\u00fcr die Oberfl\u00e4chenbehandlung der geschnittenen Teile sind wir mit der neusten und modernen Ernst Entgratungsmaschine ausger\u00fcstet. Es k\u00f6nnen Schleifb\u00f6gen vom feinsten bis zum gr\u00f6bsten Korn sowie auch Scotchb\u00f6gen eingesetzt werden.[\/vc_column_text][vc_row_inner][vc_column_inner width=&#8220;1\/2&#8243; css=&#8220;.vc_custom_1590695711527{padding-bottom: 60px !important;}&#8220;][vc_single_image image=&#8220;2215&#8243;][vc_column_text css=&#8220;.vc_custom_1590695765619{padding-bottom: 0px !important;}&#8220;]<\/p>\n<div class=\"page\" title=\"Page 6\">\n<div class=\"layoutArea\">\n<div class=\"column\">\n<div class=\"page\" title=\"Page 7\">\n<div class=\"layoutArea\">\n<div class=\"column\">\n<div class=\"page\" title=\"Page 8\">\n<div class=\"layoutArea\">\n<div class=\"column\">\n<p>Die Weber NLC-1350 DP6D mit 3 Bearbeitungsstationen.<br \/>\nDurch diese Elemente erreichen wir nicht nur das abschleifen von dem Grat und ein hervorragendes Oberfla\u0308chen Finish, sondern ko\u0308nnen die Teile durch den Prozess handfreundlich abrunden, welches auch fu\u0308r ein geplantes Verzinken sehr relevant ist.<br \/>\nDurch den Einsatz des Prozesswassers ist uns auch ein schnelles hin- und her wechseln der Materialien erlaubt, was bei uns an der Tagesordnung ist.<\/p>\n<\/div>\n<\/div>\n<\/div>\n<\/div>\n<\/div>\n<\/div>\n<\/div>\n<\/div>\n<\/div>\n<p>[\/vc_column_text][\/vc_column_inner][vc_column_inner width=&#8220;1\/2&#8243; css=&#8220;.vc_custom_1590695733038{padding-bottom: 60px !important;}&#8220;][vc_single_image image=&#8220;2214&#8243;][vc_column_text]<\/p>\n<div class=\"page\" title=\"Page 8\">\n<div class=\"layoutArea\">\n<div class=\"column\">\n<p>Die Loewer Smart Grinder SG<br \/>\nDer Einsatz der kleinen Nass-Schleifbandmaschine, ermo\u0308glicht uns das Bearbeiten von Klein- und Serie Teilen in ku\u0308rzester Zeit, mit perfektem Ergebnis.<\/p>\n<\/div>\n<\/div>\n<\/div>\n<p>[\/vc_column_text][\/vc_column_inner][\/vc_row_inner]<div id=\"ultimate-heading-141369e73291c196c\" class=\"uvc-heading ult-adjust-bottom-margin ultimate-heading-141369e73291c196c uvc-6199 accent-border-color\" data-hspacer=\"line_only\"  data-halign=\"left\" style=\"text-align:left\"><div class=\"uvc-main-heading ult-responsive\"  data-ultimate-target='.uvc-heading.ultimate-heading-141369e73291c196c h2'  data-responsive-json-new='{\"font-size\":\"desktop:26px;\",\"line-height\":\"desktop:36px;\"}' ><h2 style=\"font-weight:bold;\">Gleitschleifen<\/h2><\/div><div class=\"uvc-heading-spacer line_only\" style=\"margin-top:15px;margin-bottom:40px;height:4px;\"><span class=\"uvc-headings-line\" style=\"border-style:solid;border-bottom-width:4px;border-color:;width:50px;\"><\/span><\/div><\/div>[vc_column_text css=&#8220;.vc_custom_1590914739665{padding-bottom: 30px !important;}&#8220;]Beim Gleitschleifen &#8211; besser bekannt unter dem Begriff \u00abtrowalisieren\u00bb (gleichm\u00e4ssige Oberfla?che, Kantenbruch) \u2013 sind wir in der Lage vom kleinsten Teil bis zu einer betr\u00e4chtlichen Gr\u00f6sse zu trowalisieren, da wir drei verschieden grosse Gleitschleifanlagen und Trockner im Einsatz haben.[\/vc_column_text]<style type=\"text\/css\" data-type=\"the7_shortcodes-inline-css\">.carousel-shortcode.carousel-shortcode-id-193add502047c4d0f08e790f273e84ea .owl-nav a {\n  width: 36px;\n  height: 36px;\n  border-radius: 500px;\n}\n.dt-arrow-border-on.carousel-shortcode.carousel-shortcode-id-193add502047c4d0f08e790f273e84ea .owl-nav a:not(:hover):before {\n  border-width: 0px;\n}\n.dt-arrow-hover-border-on.carousel-shortcode.carousel-shortcode-id-193add502047c4d0f08e790f273e84ea .owl-nav a:hover:after {\n  border-width: 0px;\n}\n.carousel-shortcode.carousel-shortcode-id-193add502047c4d0f08e790f273e84ea .owl-nav a.owl-prev {\n  top: 50%;\n  transform: translateY(calc(-50% + 0px));\n  left: -43px;\n}\n@media all and (-ms-high-contrast: none) {\n  .carousel-shortcode.carousel-shortcode-id-193add502047c4d0f08e790f273e84ea .owl-nav a.owl-prev {\n    transform: translateY(-50%);\n    margin-top: 0px;\n  }\n}\n.carousel-shortcode.carousel-shortcode-id-193add502047c4d0f08e790f273e84ea .owl-nav a.owl-prev i {\n  padding: 0px 0px 0px 0px;\n}\n.carousel-shortcode.carousel-shortcode-id-193add502047c4d0f08e790f273e84ea .owl-nav a.owl-next {\n  top: 50%;\n  transform: translateY(calc(-50% + 0px));\n  right: -43px;\n}\n@media all and (-ms-high-contrast: none) {\n  .carousel-shortcode.carousel-shortcode-id-193add502047c4d0f08e790f273e84ea .owl-nav a.owl-next {\n    transform: translateY(-50%);\n    margin-top: 0px;\n  }\n}\n.carousel-shortcode.carousel-shortcode-id-193add502047c4d0f08e790f273e84ea .owl-nav a.owl-next i {\n  padding: 0px 0px 0px 0px;\n}\n.carousel-shortcode.carousel-shortcode-id-193add502047c4d0f08e790f273e84ea .owl-nav i {\n  font-size: 18px;\n}\n.carousel-shortcode.carousel-shortcode-id-193add502047c4d0f08e790f273e84ea .owl-nav a:not(:hover) i,\n.carousel-shortcode.carousel-shortcode-id-193add502047c4d0f08e790f273e84ea .owl-nav a:not(:hover) i:before {\n  color: #ffffff;\n  background: none;\n}\n.carousel-shortcode.carousel-shortcode-id-193add502047c4d0f08e790f273e84ea .owl-nav a:hover i,\n.carousel-shortcode.carousel-shortcode-id-193add502047c4d0f08e790f273e84ea .owl-nav a:hover i:before {\n  color: rgba(255,255,255,0.75);\n  background: none;\n}\n.carousel-shortcode.carousel-shortcode-id-193add502047c4d0f08e790f273e84ea .owl-dots {\n  top: calc(100% + 20px);\n  left: 50%;\n  transform: translateX(calc(-50% + 0px));\n}\n@media all and (-ms-high-contrast: none) {\n  .carousel-shortcode.carousel-shortcode-id-193add502047c4d0f08e790f273e84ea .owl-dots {\n    transform: translateX(-50%);\n    margin-left: 0px;\n  }\n}\n.carousel-shortcode.carousel-shortcode-id-193add502047c4d0f08e790f273e84ea .owl-dot {\n  width: 10px;\n  height: 10px;\n  margin: 0 8px;\n}\n@media screen and (max-width: 778px) {\n  .carousel-shortcode.carousel-shortcode-id-193add502047c4d0f08e790f273e84ea.hide-arrows .owl-nav a {\n    display: none;\n  }\n}\n@media screen and (max-width: 778px) {\n  .carousel-shortcode.carousel-shortcode-id-193add502047c4d0f08e790f273e84ea.reposition-arrows .owl-nav .owl-prev {\n    top: 50%;\n    transform: translateY(calc(-50% + 0px));\n    left: 10px;\n  }\n  .carousel-shortcode.carousel-shortcode-id-193add502047c4d0f08e790f273e84ea.reposition-arrows .owl-nav .owl-next {\n    top: 50%;\n    transform: translateY(calc(-50% + 0px));\n    right: 10px;\n  }\n}\n@media screen and (max-width: 778px) and all and (-ms-high-contrast: none) {\n  .carousel-shortcode.carousel-shortcode-id-193add502047c4d0f08e790f273e84ea.reposition-arrows .owl-nav .owl-prev {\n    transform: translateY(-50%);\n    margin-top: 0px;\n  }\n}\n@media screen and (max-width: 778px) and all and (-ms-high-contrast: none) {\n  .carousel-shortcode.carousel-shortcode-id-193add502047c4d0f08e790f273e84ea.reposition-arrows .owl-nav .owl-next {\n    transform: translateY(-50%);\n    margin-top: 0px;\n  }\n}\n<\/style><div class=\"owl-carousel carousel-shortcode dt-owl-carousel-call carousel-shortcode-id-193add502047c4d0f08e790f273e84ea bullets-small-dot-stroke reposition-arrows arrows-bg-on dt-arrow-border-on dt-arrow-hover-border-on disable-arrows-hover-bg arrows-hover-bg-on  \" data-scroll-mode=\"1\" data-col-num=\"3\" data-wide-col-num=\"4\" data-laptop-col=\"3\" data-h-tablet-columns-num=\"3\" data-v-tablet-columns-num=\"2\" data-phone-columns-num=\"1\" data-auto-height=\"true\" data-col-gap=\"30\" data-stage-padding=\"0\" data-speed=\"600\" data-autoplay=\"false\" data-autoplay_speed=\"6000\" data-arrows=\"true\" data-bullet=\"false\" data-next-icon=\"icon-ar-017-r\" data-prev-icon=\"icon-ar-017-l\">[vc_column_text]<\/p>\n<div class=\"page\" title=\"Page 8\">\n<div class=\"layoutArea\">\n<div class=\"column\">\n<div class=\"page\" title=\"Page 8\">\n<div class=\"layoutArea\">\n<div class=\"column\">\n<p><strong><img loading=\"lazy\" class=\"aligncenter wp-image-2213\" src=\"https:\/\/taste-it.ch\/wp-content\/uploads\/2020\/05\/tt_25_neu-02-210x300.jpg\" alt=\"\" width=\"178\" height=\"255\" srcset=\"https:\/\/lasertechnik.li\/wp-content\/uploads\/2020\/05\/tt_25_neu-02-210x300.jpg 210w, https:\/\/lasertechnik.li\/wp-content\/uploads\/2020\/05\/tt_25_neu-02.jpg 358w\" sizes=\"(max-width: 178px) 100vw, 178px\" \/><\/strong><\/p>\n<p style=\"text-align: center;\"><strong>Fliehkraftanlage TT25<\/strong><\/p>\n<p style=\"text-align: center;\">Ermo\u0308glicht das Entfernen von starken Graten und eine Kantenverrundung bei kleinen und mittelgrossen Teilen.<\/p>\n<\/div>\n<\/div>\n<\/div>\n<\/div>\n<\/div>\n<\/div>\n<p>[\/vc_column_text][vc_column_text]<\/p>\n<div class=\"page\" title=\"Page 8\">\n<div class=\"layoutArea\">\n<div class=\"column\">\n<p style=\"text-align: center;\"><strong><img loading=\"lazy\" class=\"alignnone size-medium wp-image-2212\" src=\"https:\/\/taste-it.ch\/wp-content\/uploads\/2020\/05\/rundvibrator-cf200-300x292.png\" alt=\"\" width=\"300\" height=\"292\" srcset=\"https:\/\/lasertechnik.li\/wp-content\/uploads\/2020\/05\/rundvibrator-cf200-300x292.png 300w, https:\/\/lasertechnik.li\/wp-content\/uploads\/2020\/05\/rundvibrator-cf200-768x747.png 768w, https:\/\/lasertechnik.li\/wp-content\/uploads\/2020\/05\/rundvibrator-cf200.png 884w\" sizes=\"(max-width: 300px) 100vw, 300px\" \/><\/strong><\/p>\n<p style=\"text-align: center;\"><strong>Runvibratoren CF200 + CF600<\/strong><\/p>\n<p style=\"text-align: center;\">Die beiden Anlagen sind fu\u0308r eine Vielzahl von Werkstu\u0308cken einsetzbar. Auch hier wird eine rasche Kantenverrundung und galvanikreife Oberfla\u0308che erzielt.<\/p>\n<\/div>\n<\/div>\n<\/div>\n<p>[\/vc_column_text][vc_column_text]<img loading=\"lazy\" class=\"alignnone size-medium wp-image-2210 aligncenter\" src=\"https:\/\/taste-it.ch\/wp-content\/uploads\/2020\/05\/korbzentrifuge-zm-300x300.png\" alt=\"\" width=\"300\" height=\"300\" srcset=\"https:\/\/lasertechnik.li\/wp-content\/uploads\/2020\/05\/korbzentrifuge-zm-300x300.png 300w, https:\/\/lasertechnik.li\/wp-content\/uploads\/2020\/05\/korbzentrifuge-zm-150x150.png 150w, https:\/\/lasertechnik.li\/wp-content\/uploads\/2020\/05\/korbzentrifuge-zm-768x768.png 768w, https:\/\/lasertechnik.li\/wp-content\/uploads\/2020\/05\/korbzentrifuge-zm.png 844w\" sizes=\"(max-width: 300px) 100vw, 300px\" \/><\/p>\n<div class=\"page\" title=\"Page 8\">\n<div class=\"layoutArea\">\n<div class=\"column\">\n<p style=\"text-align: center;\"><strong>Korbzentrifuge ZM<\/strong><\/p>\n<p style=\"text-align: center;\">Zur Aufbereitung des Prozesswasser von der Gleitschleifanlagen durch einen geschlossenen Kreislauf.<\/p>\n<\/div>\n<\/div>\n<\/div>\n<p>[\/vc_column_text][vc_column_text]<img loading=\"lazy\" class=\"aligncenter wp-image-2211\" src=\"https:\/\/taste-it.ch\/wp-content\/uploads\/2020\/05\/trockner-300x263.png\" alt=\"\" width=\"350\" height=\"307\" srcset=\"https:\/\/lasertechnik.li\/wp-content\/uploads\/2020\/05\/trockner-300x263.png 300w, https:\/\/lasertechnik.li\/wp-content\/uploads\/2020\/05\/trockner-1024x898.png 1024w, https:\/\/lasertechnik.li\/wp-content\/uploads\/2020\/05\/trockner-768x673.png 768w, https:\/\/lasertechnik.li\/wp-content\/uploads\/2020\/05\/trockner.png 1054w\" sizes=\"(max-width: 350px) 100vw, 350px\" \/><\/p>\n<p>&nbsp;<\/p>\n<div class=\"page\" title=\"Page 8\">\n<div class=\"layoutArea\">\n<div class=\"column\">\n<p style=\"text-align: center;\"><strong>Trockner<\/strong><\/p>\n<p style=\"text-align: center;\">Die trowalisierten Teile werden durch ein geschrotetes Maisgemisch und Hitzeeinwirkung getrocknet.<\/p>\n<\/div>\n<\/div>\n<\/div>\n<p>[\/vc_column_text]<\/div>[\/vc_column][\/vc_row]<\/p>\n<\/div>","protected":false},"excerpt":{"rendered":"<p>[vc_row type=&#8220;vc_default&#8220; css=&#8220;.vc_custom_1474268037787{margin-bottom: -30px !important;padding-bottom: 30px !important;}&#8220;][vc_column width=&#8220;1\/2&#8243; offset=&#8220;vc_col-lg-12 vc_col-md-12 vc_col-xs-12&#8243;][vc_column_text css=&#8220;.vc_custom_1590914864675{padding-bottom: 30px !important;}&#8220;]Auch f\u00fcr die Oberfl\u00e4chenbehandlung der geschnittenen Teile sind wir mit der neusten und modernen Ernst Entgratungsmaschine ausger\u00fcstet. Es k\u00f6nnen Schleifb\u00f6gen vom feinsten bis zum gr\u00f6bsten Korn sowie auch Scotchb\u00f6gen eingesetzt werden.[\/vc_column_text][vc_row_inner][vc_column_inner width=&#8220;1\/2&#8243; css=&#8220;.vc_custom_1590695711527{padding-bottom: 60px !important;}&#8220;][vc_single_image image=&#8220;2215&#8243;][vc_column_text css=&#8220;.vc_custom_1590695765619{padding-bottom: 0px !important;}&#8220;] Die Weber NLC-1350&hellip;<\/p>\n","protected":false},"author":2,"featured_media":0,"parent":27,"menu_order":0,"comment_status":"closed","ping_status":"closed","template":"","meta":[],"_links":{"self":[{"href":"https:\/\/lasertechnik.li\/index.php?rest_route=\/wp\/v2\/pages\/2208"}],"collection":[{"href":"https:\/\/lasertechnik.li\/index.php?rest_route=\/wp\/v2\/pages"}],"about":[{"href":"https:\/\/lasertechnik.li\/index.php?rest_route=\/wp\/v2\/types\/page"}],"author":[{"embeddable":true,"href":"https:\/\/lasertechnik.li\/index.php?rest_route=\/wp\/v2\/users\/2"}],"replies":[{"embeddable":true,"href":"https:\/\/lasertechnik.li\/index.php?rest_route=%2Fwp%2Fv2%2Fcomments&post=2208"}],"version-history":[{"count":11,"href":"https:\/\/lasertechnik.li\/index.php?rest_route=\/wp\/v2\/pages\/2208\/revisions"}],"predecessor-version":[{"id":2274,"href":"https:\/\/lasertechnik.li\/index.php?rest_route=\/wp\/v2\/pages\/2208\/revisions\/2274"}],"up":[{"embeddable":true,"href":"https:\/\/lasertechnik.li\/index.php?rest_route=\/wp\/v2\/pages\/27"}],"wp:attachment":[{"href":"https:\/\/lasertechnik.li\/index.php?rest_route=%2Fwp%2Fv2%2Fmedia&parent=2208"}],"curies":[{"name":"wp","href":"https:\/\/api.w.org\/{rel}","templated":true}]}}